{"id":668,"date":"2024-06-08T16:38:22","date_gmt":"2024-06-08T16:38:22","guid":{"rendered":"https:\/\/climaduct.cl\/?post_type=product&#038;p=668"},"modified":"2024-06-08T16:45:49","modified_gmt":"2024-06-08T16:45:49","slug":"split-muro-con-tecnologia-inverter","status":"publish","type":"product","link":"https:\/\/climaduct.cl\/index.php\/producto\/split-muro-con-tecnologia-inverter\/","title":{"rendered":"SPLIT MURO CON TECNOLOG\u00cdA INVERTER"},"content":{"rendered":"<p>Esta tecnolog\u00eda minimiza el consumo energ\u00e9tico y garantiza la temperatura constante y uniforme para un mayor confort y bienestar para tu oficina u hogar.<\/p>\n<p>Consulta por mensaje en nuestro bot\u00f3n de Whatsapp<\/p>\n","protected":false},"excerpt":{"rendered":"<p>Esta tecnolog\u00eda minimiza el consumo energ\u00e9tico y garantiza la temperatura constante y uniforme para un mayor confort y bienestar para tu oficina u hogar. Consulta por mensaje en nuestro bot\u00f3n de Whatsapp<\/p>\n","protected":false},"featured_media":671,"comment_status":"open","ping_status":"closed","template":"","meta":[],"product_cat":[23],"product_tag":[],"class_list":{"0":"post-668","1":"product","2":"type-product","3":"status-publish","4":"has-post-thumbnail","6":"product_cat-climatizacion","8":"first","9":"instock","10":"product-type-simple"},"_links":{"self":[{"href":"https:\/\/climaduct.cl\/index.php\/wp-json\/wp\/v2\/product\/668","targetHints":{"allow":["GET"]}}],"collection":[{"href":"https:\/\/climaduct.cl\/index.php\/wp-json\/wp\/v2\/product"}],"about":[{"href":"https:\/\/climaduct.cl\/index.php\/wp-json\/wp\/v2\/types\/product"}],"replies":[{"embeddable":true,"href":"https:\/\/climaduct.cl\/index.php\/wp-json\/wp\/v2\/comments?post=668"}],"wp:featuredmedia":[{"embeddable":true,"href":"https:\/\/climaduct.cl\/index.php\/wp-json\/wp\/v2\/media\/671"}],"wp:attachment":[{"href":"https:\/\/climaduct.cl\/index.php\/wp-json\/wp\/v2\/media?parent=668"}],"wp:term":[{"taxonomy":"product_cat","embeddable":true,"href":"https:\/\/climaduct.cl\/index.php\/wp-json\/wp\/v2\/product_cat?post=668"},{"taxonomy":"product_tag","embeddable":true,"href":"https:\/\/climaduct.cl\/index.php\/wp-json\/wp\/v2\/product_tag?post=668"}],"curies":[{"name":"wp","href":"https:\/\/api.w.org\/{rel}","templated":true}]}}