{"id":332,"date":"2024-05-27T22:46:38","date_gmt":"2024-05-27T22:46:38","guid":{"rendered":"https:\/\/climaduct.cl\/?post_type=product&#038;p=332"},"modified":"2024-05-29T02:51:38","modified_gmt":"2024-05-29T02:51:38","slug":"ducto-flexible-127mm","status":"publish","type":"product","link":"https:\/\/climaduct.cl\/index.php\/producto\/ducto-flexible-127mm\/","title":{"rendered":"DUCTO FLEXIBLE SIN AISLACI\u00d3N 127MM"},"content":{"rendered":"<p>Completamente flexibles. Ductos de 127mm construidos a partir de varias capas de aluminio y poli\u00e9ster laminado para encapsular un alto contenido de carbono, su resorte espiral est\u00e1 construido de alambre de acero. Se instala f\u00e1cilmente en accesorios circulares u ovalados. Los ductos flexibles, se utilizan en sistemas de ventilaci\u00f3n, aire acondicionado y en los sistemas de tratamiento de aire.<\/p>\n","protected":false},"excerpt":{"rendered":"<p>Completamente flexibles. Ductos de 127mm construidos a partir de varias capas de aluminio y poli\u00e9ster laminado para encapsular un alto contenido de carbono, su resorte espiral est\u00e1 construido de alambre de acero. Se instala f\u00e1cilmente en accesorios circulares u ovalados. Los ductos flexibles, se utilizan en sistemas de ventilaci\u00f3n, aire acondicionado y en los sistemas [&hellip;]<\/p>\n","protected":false},"featured_media":333,"comment_status":"open","ping_status":"closed","template":"","meta":[],"product_cat":[23],"product_tag":[],"class_list":{"0":"post-332","1":"product","2":"type-product","3":"status-publish","4":"has-post-thumbnail","6":"product_cat-climatizacion","8":"first","9":"instock","10":"taxable","11":"shipping-taxable","12":"purchasable","13":"product-type-simple"},"_links":{"self":[{"href":"https:\/\/climaduct.cl\/index.php\/wp-json\/wp\/v2\/product\/332","targetHints":{"allow":["GET"]}}],"collection":[{"href":"https:\/\/climaduct.cl\/index.php\/wp-json\/wp\/v2\/product"}],"about":[{"href":"https:\/\/climaduct.cl\/index.php\/wp-json\/wp\/v2\/types\/product"}],"replies":[{"embeddable":true,"href":"https:\/\/climaduct.cl\/index.php\/wp-json\/wp\/v2\/comments?post=332"}],"wp:featuredmedia":[{"embeddable":true,"href":"https:\/\/climaduct.cl\/index.php\/wp-json\/wp\/v2\/media\/333"}],"wp:attachment":[{"href":"https:\/\/climaduct.cl\/index.php\/wp-json\/wp\/v2\/media?parent=332"}],"wp:term":[{"taxonomy":"product_cat","embeddable":true,"href":"https:\/\/climaduct.cl\/index.php\/wp-json\/wp\/v2\/product_cat?post=332"},{"taxonomy":"product_tag","embeddable":true,"href":"https:\/\/climaduct.cl\/index.php\/wp-json\/wp\/v2\/product_tag?post=332"}],"curies":[{"name":"wp","href":"https:\/\/api.w.org\/{rel}","templated":true}]}}