{"id":64,"date":"2024-05-16T05:26:11","date_gmt":"2024-05-16T05:26:11","guid":{"rendered":"https:\/\/climaduct.cl\/?page_id=64"},"modified":"2024-06-14T00:28:44","modified_gmt":"2024-06-14T00:28:44","slug":"nosotros","status":"publish","type":"page","link":"https:\/\/climaduct.cl\/index.php\/nosotros\/","title":{"rendered":"Nosotros"},"content":{"rendered":"\t\t<div data-elementor-type=\"wp-page\" data-elementor-id=\"64\" class=\"elementor elementor-64\" data-elementor-post-type=\"page\">\n\t\t\t\t\t\t<section class=\"elementor-section elementor-top-section elementor-element elementor-element-ba8864d elementor-section-boxed elementor-section-height-default elementor-section-height-default\" data-id=\"ba8864d\" data-element_type=\"section\" data-settings=\"{&quot;background_background&quot;:&quot;classic&quot;}\">\n\t\t\t\t\t\t\t<div class=\"elementor-background-overlay\"><\/div>\n\t\t\t\t\t\t\t<div class=\"elementor-container elementor-column-gap-default\">\n\t\t\t\t\t<div class=\"elementor-column elementor-col-50 elementor-top-column elementor-element elementor-element-916b0c1\" data-id=\"916b0c1\" data-element_type=\"column\">\n\t\t\t<div class=\"elementor-widget-wrap elementor-element-populated\">\n\t\t\t\t\t\t<div class=\"elementor-element elementor-element-4951a8b0 elementor-widget elementor-widget-elementskit-heading\" data-id=\"4951a8b0\" data-element_type=\"widget\" data-widget_type=\"elementskit-heading.default\">\n\t\t\t\t<div class=\"elementor-widget-container\">\n\t\t\t<div class=\"ekit-wid-con\" ><div class=\"ekit-heading elementskit-section-title-wraper text_left   ekit_heading_tablet-   ekit_heading_mobile-\"><h2 class=\"ekit-heading--title elementskit-section-title \">Nosotros<\/h2><\/div><\/div>\t\t<\/div>\n\t\t\t\t<\/div>\n\t\t\t\t\t<\/div>\n\t\t<\/div>\n\t\t\t\t<div class=\"elementor-column elementor-col-50 elementor-top-column elementor-element elementor-element-cbea9f9\" data-id=\"cbea9f9\" data-element_type=\"column\">\n\t\t\t<div class=\"elementor-widget-wrap elementor-element-populated\">\n\t\t\t\t\t\t<div class=\"elementor-element elementor-element-299adf2 elementor-widget__width-auto elementor-widget elementor-widget-heading\" data-id=\"299adf2\" data-element_type=\"widget\" data-widget_type=\"heading.default\">\n\t\t\t\t<div class=\"elementor-widget-container\">\n\t\t\t<h2 class=\"elementor-heading-title elementor-size-default\">Home \/<\/h2>\t\t<\/div>\n\t\t\t\t<\/div>\n\t\t\t\t<div class=\"elementor-element elementor-element-52831a8a elementor-widget__width-auto elementor-widget elementor-widget-heading\" data-id=\"52831a8a\" data-element_type=\"widget\" data-widget_type=\"heading.default\">\n\t\t\t\t<div class=\"elementor-widget-container\">\n\t\t\t<h2 class=\"elementor-heading-title elementor-size-default\">About<\/h2>\t\t<\/div>\n\t\t\t\t<\/div>\n\t\t\t\t\t<\/div>\n\t\t<\/div>\n\t\t\t\t\t<\/div>\n\t\t<\/section>\n\t\t\t\t<section class=\"elementor-section elementor-top-section elementor-element elementor-element-54dca00e elementor-reverse-tablet elementor-reverse-mobile elementor-section-boxed elementor-section-height-default elementor-section-height-default\" data-id=\"54dca00e\" data-element_type=\"section\" data-settings=\"{&quot;background_background&quot;:&quot;classic&quot;}\">\n\t\t\t\t\t\t<div class=\"elementor-container elementor-column-gap-default\">\n\t\t\t\t\t<div class=\"elementor-column elementor-col-50 elementor-top-column elementor-element elementor-element-7624cc99\" data-id=\"7624cc99\" data-element_type=\"column\">\n\t\t\t<div class=\"elementor-widget-wrap elementor-element-populated\">\n\t\t\t\t\t\t<div class=\"elementor-element elementor-element-7c5c892d elementor-widget__width-initial elementor-widget-mobile__width-initial elementor-widget elementor-widget-image\" data-id=\"7c5c892d\" data-element_type=\"widget\" data-widget_type=\"image.default\">\n\t\t\t\t<div class=\"elementor-widget-container\">\n\t\t\t\t\t\t\t\t\t\t\t\t\t<img fetchpriority=\"high\" decoding=\"async\" width=\"864\" height=\"1152\" src=\"https:\/\/climaduct.cl\/wp-content\/uploads\/2024\/05\/PHOTO-2024-05-27-20-38-22.jpg\" class=\"attachment-full size-full wp-image-462\" alt=\"\" srcset=\"https:\/\/climaduct.cl\/wp-content\/uploads\/2024\/05\/PHOTO-2024-05-27-20-38-22.jpg 864w, https:\/\/climaduct.cl\/wp-content\/uploads\/2024\/05\/PHOTO-2024-05-27-20-38-22-600x800.jpg 600w, https:\/\/climaduct.cl\/wp-content\/uploads\/2024\/05\/PHOTO-2024-05-27-20-38-22-225x300.jpg 225w, https:\/\/climaduct.cl\/wp-content\/uploads\/2024\/05\/PHOTO-2024-05-27-20-38-22-768x1024.jpg 768w\" sizes=\"(max-width: 864px) 100vw, 864px\" \/>\t\t\t\t\t\t\t\t\t\t\t\t\t<\/div>\n\t\t\t\t<\/div>\n\t\t\t\t<section class=\"elementor-section elementor-inner-section elementor-element elementor-element-5982dc48 elementor-section-boxed elementor-section-height-default elementor-section-height-default\" data-id=\"5982dc48\" data-element_type=\"section\">\n\t\t\t\t\t\t<div class=\"elementor-container elementor-column-gap-default\">\n\t\t\t\t\t<div class=\"elementor-column elementor-col-100 elementor-inner-column elementor-element elementor-element-3f5056b9\" data-id=\"3f5056b9\" data-element_type=\"column\" data-settings=\"{&quot;background_background&quot;:&quot;classic&quot;}\">\n\t\t\t<div class=\"elementor-widget-wrap elementor-element-populated\">\n\t\t\t\t\t\t<div class=\"elementor-element elementor-element-6958d73c elementor-widget elementor-widget-elementskit-heading\" data-id=\"6958d73c\" data-element_type=\"widget\" data-widget_type=\"elementskit-heading.default\">\n\t\t\t\t<div class=\"elementor-widget-container\">\n\t\t\t<div class=\"ekit-wid-con\" ><div class=\"ekit-heading elementskit-section-title-wraper text_left   ekit_heading_tablet-   ekit_heading_mobile-\"><h3 class=\"elementskit-section-subtitle  \">\n\t\t\t\t\t\t\u00bfNecesitas Nuestros Servicio?\n\t\t\t\t\t<\/h3><h2 class=\"ekit-heading--title elementskit-section-title \"><span><span>Contacto : +569 61433321<\/span><\/span><\/h2><\/div><\/div>\t\t<\/div>\n\t\t\t\t<\/div>\n\t\t\t\t\t<\/div>\n\t\t<\/div>\n\t\t\t\t\t<\/div>\n\t\t<\/section>\n\t\t\t\t\t<\/div>\n\t\t<\/div>\n\t\t\t\t<div class=\"elementor-column elementor-col-50 elementor-top-column elementor-element elementor-element-622c378d\" data-id=\"622c378d\" data-element_type=\"column\">\n\t\t\t<div class=\"elementor-widget-wrap elementor-element-populated\">\n\t\t\t\t\t\t<div class=\"elementor-element elementor-element-3ab257a8 elementor-widget elementor-widget-elementskit-heading\" data-id=\"3ab257a8\" data-element_type=\"widget\" data-widget_type=\"elementskit-heading.default\">\n\t\t\t\t<div class=\"elementor-widget-container\">\n\t\t\t<div class=\"ekit-wid-con\" ><div class=\"ekit-heading elementskit-section-title-wraper text_left   ekit_heading_tablet-   ekit_heading_mobile-\"><h3 class=\"elementskit-section-subtitle  \">\n\t\t\t\t\t\tSOMOS CLIMADUCT\n\t\t\t\t\t<\/h3><h2 class=\"ekit-heading--title elementskit-section-title \">Experiencia en Servicio de Climatizaci\u00f3n<\/h2><\/div><\/div>\t\t<\/div>\n\t\t\t\t<\/div>\n\t\t\t\t<div class=\"elementor-element elementor-element-202dcd95 elementor-widget elementor-widget-text-editor\" data-id=\"202dcd95\" data-element_type=\"widget\" data-widget_type=\"text-editor.default\">\n\t\t\t\t<div class=\"elementor-widget-container\">\n\t\t\t\t\t\t\t<h4>Nos definimos como una empresa joven, ubicada en la ciudad de Concepci\u00f3n, dedicada al dise\u00f1o, suministro e instalaci\u00f3n de todo tipo de ductos para la distribuci\u00f3n de aire basadas en necesidades actuales.<\/h4><h4>Garantizando un sistema duradero, adem\u00e1s de ofrecer servicios de instalaci\u00f3n de sistemas de aire acondicionado y calefacci\u00f3n.<\/h4><h4>Ofreciendo soluciones amigables con el medio ambiente.<\/h4><h4><em>\u00abSiendo nuestros clientes el eje primordial\u00bb<\/em><\/h4><p>.<\/p>\t\t\t\t\t\t<\/div>\n\t\t\t\t<\/div>\n\t\t\t\t\t<\/div>\n\t\t<\/div>\n\t\t\t\t\t<\/div>\n\t\t<\/section>\n\t\t\t\t<section class=\"elementor-section elementor-top-section elementor-element elementor-element-6c0c30ad elementor-section-boxed elementor-section-height-default elementor-section-height-default\" data-id=\"6c0c30ad\" data-element_type=\"section\" data-settings=\"{&quot;background_background&quot;:&quot;classic&quot;}\">\n\t\t\t\t\t\t\t<div class=\"elementor-background-overlay\"><\/div>\n\t\t\t\t\t\t\t<div class=\"elementor-container elementor-column-gap-default\">\n\t\t\t\t\t<div class=\"elementor-column elementor-col-100 elementor-top-column elementor-element elementor-element-68517a03\" data-id=\"68517a03\" data-element_type=\"column\">\n\t\t\t<div class=\"elementor-widget-wrap elementor-element-populated\">\n\t\t\t\t\t\t<div class=\"elementor-element elementor-element-15249365 elementor-widget elementor-widget-elementskit-heading\" data-id=\"15249365\" data-element_type=\"widget\" data-widget_type=\"elementskit-heading.default\">\n\t\t\t\t<div class=\"elementor-widget-container\">\n\t\t\t<div class=\"ekit-wid-con\" ><div class=\"ekit-heading elementskit-section-title-wraper text_center   ekit_heading_tablet-   ekit_heading_mobile-\"><h3 class=\"elementskit-section-subtitle  \">\n\t\t\t\t\t\tCLIMADUCT\n\t\t\t\t\t<\/h3><h2 class=\"ekit-heading--title elementskit-section-title \">NUESTRO TRABAJO CON LA MEJOR CALIDAD<\/h2><\/div><\/div>\t\t<\/div>\n\t\t\t\t<\/div>\n\t\t\t\t<div class=\"elementor-element elementor-element-60e17e6 elementor-widget elementor-widget-video\" data-id=\"60e17e6\" data-element_type=\"widget\" data-settings=\"{&quot;video_type&quot;:&quot;hosted&quot;,&quot;autoplay&quot;:&quot;yes&quot;,&quot;play_on_mobile&quot;:&quot;yes&quot;,&quot;controls&quot;:&quot;yes&quot;}\" data-widget_type=\"video.default\">\n\t\t\t\t<div class=\"elementor-widget-container\">\n\t\t\t\t\t<div class=\"e-hosted-video elementor-wrapper elementor-open-inline\">\n\t\t\t\t\t<video class=\"elementor-video\" src=\"https:\/\/climaduct.cl\/wp-content\/uploads\/2024\/05\/VIDEO-2024-05-27-20-51-22.mp4\" autoplay=\"\" controls=\"\" playsinline=\"\" controlsList=\"nodownload\"><\/video>\n\t\t\t\t<\/div>\n\t\t\t\t<\/div>\n\t\t\t\t<\/div>\n\t\t\t\t\t<\/div>\n\t\t<\/div>\n\t\t\t\t\t<\/div>\n\t\t<\/section>\n\t\t\t\t<section class=\"elementor-section elementor-top-section elementor-element elementor-element-76739517 elementor-section-boxed elementor-section-height-default elementor-section-height-default\" data-id=\"76739517\" data-element_type=\"section\">\n\t\t\t\t\t\t<div class=\"elementor-container elementor-column-gap-default\">\n\t\t\t\t\t<div class=\"elementor-column elementor-col-33 elementor-top-column elementor-element elementor-element-32ec4bfa\" data-id=\"32ec4bfa\" data-element_type=\"column\">\n\t\t\t<div class=\"elementor-widget-wrap elementor-element-populated\">\n\t\t\t\t\t\t<div class=\"elementor-element elementor-element-7a002162 elementor-widget__width-auto elementor-view-default elementor-widget elementor-widget-icon\" data-id=\"7a002162\" data-element_type=\"widget\" data-widget_type=\"icon.default\">\n\t\t\t\t<div class=\"elementor-widget-container\">\n\t\t\t\t\t<div class=\"elementor-icon-wrapper\">\n\t\t\t<div class=\"elementor-icon\">\n\t\t\t<i aria-hidden=\"true\" class=\"icon icon-tools\"><\/i>\t\t\t<\/div>\n\t\t<\/div>\n\t\t\t\t<\/div>\n\t\t\t\t<\/div>\n\t\t\t\t<div class=\"elementor-element elementor-element-14eb6eaa elementor-widget elementor-widget-elementskit-heading\" data-id=\"14eb6eaa\" data-element_type=\"widget\" data-widget_type=\"elementskit-heading.default\">\n\t\t\t\t<div class=\"elementor-widget-container\">\n\t\t\t<div class=\"ekit-wid-con\" ><div class=\"ekit-heading elementskit-section-title-wraper text_right   ekit_heading_tablet-text_center   ekit_heading_mobile-\"><h2 class=\"ekit-heading--title elementskit-section-title \">INSTALACI\u00d3N<\/h2>\t\t\t\t<div class='ekit-heading__description'>\n\t\t\t\t\t<p>Entregamos nuestro servicio en todo Chile<\/p>\n\t\t\t\t<\/div>\n\t\t\t<\/div><\/div>\t\t<\/div>\n\t\t\t\t<\/div>\n\t\t\t\t<div class=\"elementor-element elementor-element-2d7e2672 elementor-widget__width-auto elementor-view-default elementor-widget elementor-widget-icon\" data-id=\"2d7e2672\" data-element_type=\"widget\" data-widget_type=\"icon.default\">\n\t\t\t\t<div class=\"elementor-widget-container\">\n\t\t\t\t\t<div class=\"elementor-icon-wrapper\">\n\t\t\t<div class=\"elementor-icon\">\n\t\t\t<i aria-hidden=\"true\" class=\"icon icon-Mechanic\"><\/i>\t\t\t<\/div>\n\t\t<\/div>\n\t\t\t\t<\/div>\n\t\t\t\t<\/div>\n\t\t\t\t<div class=\"elementor-element elementor-element-367246ab elementor-widget elementor-widget-elementskit-heading\" data-id=\"367246ab\" data-element_type=\"widget\" data-widget_type=\"elementskit-heading.default\">\n\t\t\t\t<div class=\"elementor-widget-container\">\n\t\t\t<div class=\"ekit-wid-con\" ><div class=\"ekit-heading elementskit-section-title-wraper text_right   ekit_heading_tablet-text_center   ekit_heading_mobile-\"><h2 class=\"ekit-heading--title elementskit-section-title \">DISE\u00d1O<\/h2>\t\t\t\t<div class='ekit-heading__description'>\n\t\t\t\t\t<p>Dise\u00f1amos seg\u00fan necesidades de cada cliente.<\/p>\n\t\t\t\t<\/div>\n\t\t\t<\/div><\/div>\t\t<\/div>\n\t\t\t\t<\/div>\n\t\t\t\t\t<\/div>\n\t\t<\/div>\n\t\t\t\t<div class=\"elementor-column elementor-col-33 elementor-top-column elementor-element elementor-element-4eaeaf8b elementor-hidden-tablet elementor-hidden-phone\" data-id=\"4eaeaf8b\" data-element_type=\"column\" data-settings=\"{&quot;background_background&quot;:&quot;classic&quot;}\">\n\t\t\t<div class=\"elementor-widget-wrap elementor-element-populated\">\n\t\t\t\t\t<div class=\"elementor-background-overlay\"><\/div>\n\t\t\t\t\t\t<div class=\"elementor-element elementor-element-4d7ba11b elementor-widget elementor-widget-image\" data-id=\"4d7ba11b\" data-element_type=\"widget\" data-widget_type=\"image.default\">\n\t\t\t\t<div class=\"elementor-widget-container\">\n\t\t\t\t\t\t\t\t\t\t\t\t\t<img decoding=\"async\" width=\"800\" height=\"600\" src=\"https:\/\/climaduct.cl\/wp-content\/uploads\/2024\/05\/FOTO-TECHO-RETOCADA-1024x768.jpeg\" class=\"attachment-large size-large wp-image-283\" alt=\"\" srcset=\"https:\/\/climaduct.cl\/wp-content\/uploads\/2024\/05\/FOTO-TECHO-RETOCADA-1024x768.jpeg 1024w, https:\/\/climaduct.cl\/wp-content\/uploads\/2024\/05\/FOTO-TECHO-RETOCADA-600x450.jpeg 600w, https:\/\/climaduct.cl\/wp-content\/uploads\/2024\/05\/FOTO-TECHO-RETOCADA-300x225.jpeg 300w, https:\/\/climaduct.cl\/wp-content\/uploads\/2024\/05\/FOTO-TECHO-RETOCADA-768x576.jpeg 768w, https:\/\/climaduct.cl\/wp-content\/uploads\/2024\/05\/FOTO-TECHO-RETOCADA.jpeg 1160w\" sizes=\"(max-width: 800px) 100vw, 800px\" \/>\t\t\t\t\t\t\t\t\t\t\t\t\t<\/div>\n\t\t\t\t<\/div>\n\t\t\t\t\t<\/div>\n\t\t<\/div>\n\t\t\t\t<div class=\"elementor-column elementor-col-33 elementor-top-column elementor-element elementor-element-79d9f05c\" data-id=\"79d9f05c\" data-element_type=\"column\">\n\t\t\t<div class=\"elementor-widget-wrap elementor-element-populated\">\n\t\t\t\t\t\t<div class=\"elementor-element elementor-element-6a7e8eaa elementor-widget__width-auto elementor-view-default elementor-widget elementor-widget-icon\" data-id=\"6a7e8eaa\" data-element_type=\"widget\" data-widget_type=\"icon.default\">\n\t\t\t\t<div class=\"elementor-widget-container\">\n\t\t\t\t\t<div class=\"elementor-icon-wrapper\">\n\t\t\t<div class=\"elementor-icon\">\n\t\t\t<i aria-hidden=\"true\" class=\"icon icon-pricing-list\"><\/i>\t\t\t<\/div>\n\t\t<\/div>\n\t\t\t\t<\/div>\n\t\t\t\t<\/div>\n\t\t\t\t<div class=\"elementor-element elementor-element-2cc69a8b elementor-widget elementor-widget-elementskit-heading\" data-id=\"2cc69a8b\" data-element_type=\"widget\" data-widget_type=\"elementskit-heading.default\">\n\t\t\t\t<div class=\"elementor-widget-container\">\n\t\t\t<div class=\"ekit-wid-con\" ><div class=\"ekit-heading elementskit-section-title-wraper text_left   ekit_heading_tablet-text_center   ekit_heading_mobile-\"><h2 class=\"ekit-heading--title elementskit-section-title \">FABRICACI\u00d3N<\/h2>\t\t\t\t<div class='ekit-heading__description'>\n\t\t\t\t\t<p>Fabricaci\u00f3n a medida de piezas para sistemas de ventilaci\u00f3n<\/p>\n\t\t\t\t<\/div>\n\t\t\t<\/div><\/div>\t\t<\/div>\n\t\t\t\t<\/div>\n\t\t\t\t<div class=\"elementor-element elementor-element-e58c3d9 elementor-widget__width-auto elementor-view-default elementor-widget elementor-widget-icon\" data-id=\"e58c3d9\" data-element_type=\"widget\" data-widget_type=\"icon.default\">\n\t\t\t\t<div class=\"elementor-widget-container\">\n\t\t\t\t\t<div class=\"elementor-icon-wrapper\">\n\t\t\t<div class=\"elementor-icon\">\n\t\t\t<i aria-hidden=\"true\" class=\"icon icon-save-money\"><\/i>\t\t\t<\/div>\n\t\t<\/div>\n\t\t\t\t<\/div>\n\t\t\t\t<\/div>\n\t\t\t\t<div class=\"elementor-element elementor-element-3e9e2c2d elementor-widget elementor-widget-elementskit-heading\" data-id=\"3e9e2c2d\" data-element_type=\"widget\" data-widget_type=\"elementskit-heading.default\">\n\t\t\t\t<div class=\"elementor-widget-container\">\n\t\t\t<div class=\"ekit-wid-con\" ><div class=\"ekit-heading elementskit-section-title-wraper text_left   ekit_heading_tablet-text_center   ekit_heading_mobile-\"><h2 class=\"ekit-heading--title elementskit-section-title \">VENTA DE PRODUCTOS<\/h2>\t\t\t\t<div class='ekit-heading__description'>\n\t\t\t\t\t<p>Tenemos productos a econ\u00f3micos precios para industria y hogar con instalaci\u00f3n.<\/p>\n\t\t\t\t<\/div>\n\t\t\t<\/div><\/div>\t\t<\/div>\n\t\t\t\t<\/div>\n\t\t\t\t\t<\/div>\n\t\t<\/div>\n\t\t\t\t\t<\/div>\n\t\t<\/section>\n\t\t\t\t<\/div>\n\t\t","protected":false},"excerpt":{"rendered":"<p>Nosotros Home \/ About \u00bfNecesitas Nuestros Servicio? Contacto : +569 61433321 SOMOS CLIMADUCT Experiencia en Servicio de Climatizaci\u00f3n Nos definimos como una empresa joven, ubicada en la ciudad de Concepci\u00f3n, dedicada al dise\u00f1o, suministro e instalaci\u00f3n de todo tipo de ductos para la distribuci\u00f3n de aire basadas en necesidades actuales. Garantizando un sistema duradero, adem\u00e1s [&hellip;]<\/p>\n","protected":false},"author":1,"featured_media":0,"parent":0,"menu_order":0,"comment_status":"closed","ping_status":"closed","template":"elementor_header_footer","meta":{"footnotes":""},"class_list":["post-64","page","type-page","status-publish","hentry"],"_links":{"self":[{"href":"https:\/\/climaduct.cl\/index.php\/wp-json\/wp\/v2\/pages\/64","targetHints":{"allow":["GET"]}}],"collection":[{"href":"https:\/\/climaduct.cl\/index.php\/wp-json\/wp\/v2\/pages"}],"about":[{"href":"https:\/\/climaduct.cl\/index.php\/wp-json\/wp\/v2\/types\/page"}],"author":[{"embeddable":true,"href":"https:\/\/climaduct.cl\/index.php\/wp-json\/wp\/v2\/users\/1"}],"replies":[{"embeddable":true,"href":"https:\/\/climaduct.cl\/index.php\/wp-json\/wp\/v2\/comments?post=64"}],"version-history":[{"count":49,"href":"https:\/\/climaduct.cl\/index.php\/wp-json\/wp\/v2\/pages\/64\/revisions"}],"predecessor-version":[{"id":741,"href":"https:\/\/climaduct.cl\/index.php\/wp-json\/wp\/v2\/pages\/64\/revisions\/741"}],"wp:attachment":[{"href":"https:\/\/climaduct.cl\/index.php\/wp-json\/wp\/v2\/media?parent=64"}],"curies":[{"name":"wp","href":"https:\/\/api.w.org\/{rel}","templated":true}]}}